{"id":2,"date":"2024-02-27T12:27:09","date_gmt":"2024-02-27T12:27:09","guid":{"rendered":"https:\/\/myyryorktimes.fi\/testisivu\/?page_id=2"},"modified":"2026-03-04T15:10:58","modified_gmt":"2026-03-04T15:10:58","slug":"uusi-sivusto-tulossa","status":"publish","type":"page","link":"https:\/\/myyryorktimes.fi\/","title":{"rendered":"Etusivu"},"content":{"rendered":"\n<div class=\"wp-block-media-text alignwide has-media-on-the-right is-stacked-on-mobile is-vertically-aligned-top\" style=\"border-style:none;border-width:0px;margin-top:0;margin-right:0px;margin-bottom:0;margin-left:0px;padding-top:0;padding-right:0px;padding-bottom:0;padding-left:0px\"><div class=\"wp-block-media-text__content\">\n<h1 class=\"wp-block-heading\" style=\"margin-right:0;margin-left:0\">Paperilla vuodesta 2018. Verkossa viel\u00e4 joskus.<\/h1>\n\n\n\n<p style=\"margin-top:var(--wp--preset--spacing--20);margin-right:0;margin-bottom:var(--wp--preset--spacing--20);margin-left:0\">Myyr York Times on Myyrm\u00e4en suuralueen tapahtumiin, ihmisiin ja ilmi\u00f6ihin keskittyv\u00e4, paikallisten vapaaehtoisten tekem\u00e4 media.<\/p>\n\n\n\n<p style=\"margin-top:var(--wp--preset--spacing--20);margin-right:0;margin-bottom:var(--wp--preset--spacing--20);margin-left:0\">Nelj\u00e4 kertaa vuodessa ilmestyv\u00e4 lehti jaellaan noin 30 ilmaisjakelutelineeseen ja jakelupisteeseen ymp\u00e4ri Myyrm\u00e4ke\u00e4 ja sen l\u00e4hialueita. N\u00e4k\u00f6islehte\u00e4 voi lukea ilmaiseksi <a href=\"http:\/\/www.lehtiluukku.fi\/lehti\/myyr-york-times\" target=\"_blank\" rel=\"noreferrer noopener\">Lehtiluukussa<\/a>.<\/p>\n\n\n\n<p style=\"margin-top:var(--wp--preset--spacing--20);margin-right:0;margin-bottom:var(--wp--preset--spacing--20);margin-left:0\">Ajantasaista uutisointia ja pienempi\u00e4 juttuja julkaisemme <a href=\"https:\/\/www.facebook.com\/myyryorktimes\">Facebookissa<\/a> ja <a href=\"https:\/\/www.instagram.com\/myyryorktimes\/\">Instagramissa<\/a>.<\/p>\n\n\n\n<div class=\"wp-block-buttons is-layout-flex wp-block-buttons-is-layout-flex\">\n<div class=\"wp-block-button\"><a class=\"wp-block-button__link wp-element-button\" href=\"mailto:toimitus@myyryorktimes.fi\" style=\"border-radius:100px\">L\u00e4het\u00e4 juttuvinkki!<\/a><\/div>\n<\/div>\n<\/div><figure class=\"wp-block-media-text__media\"><a href=\"https:\/\/www.lehtiluukku.fi\/lue\/myyr_york_times\/1-2026\/452258.html\"><img loading=\"lazy\" decoding=\"async\" width=\"974\" height=\"1024\" src=\"https:\/\/myyryorktimes.fi\/wp-content\/uploads\/2026\/03\/myt_uusin_33-974x1024.jpg\" alt=\"\" class=\"wp-image-1207 size-full\" srcset=\"https:\/\/myyryorktimes.fi\/wp-content\/uploads\/2026\/03\/myt_uusin_33-974x1024.jpg 974w, https:\/\/myyryorktimes.fi\/wp-content\/uploads\/2026\/03\/myt_uusin_33-285x300.jpg 285w, https:\/\/myyryorktimes.fi\/wp-content\/uploads\/2026\/03\/myt_uusin_33-768x808.jpg 768w, https:\/\/myyryorktimes.fi\/wp-content\/uploads\/2026\/03\/myt_uusin_33-1460x1536.jpg 1460w, https:\/\/myyryorktimes.fi\/wp-content\/uploads\/2026\/03\/myt_uusin_33.jpg 1814w\" sizes=\"auto, (max-width: 974px) 100vw, 974px\" \/><\/a><\/figure><\/div>\n\n\n\n<div style=\"height:50px\" aria-hidden=\"true\" class=\"wp-block-spacer\"><\/div>\n\n\n\n<div class=\"wp-block-media-text is-stacked-on-mobile is-vertically-aligned-top\"><figure class=\"wp-block-media-text__media\"><img loading=\"lazy\" decoding=\"async\" width=\"1024\" height=\"1024\" src=\"https:\/\/myyryorktimes.fi\/wp-content\/uploads\/2025\/08\/myt_jakelupisteet-1024x1024.png\" alt=\"\" class=\"wp-image-1165 size-full\" srcset=\"https:\/\/myyryorktimes.fi\/wp-content\/uploads\/2025\/08\/myt_jakelupisteet-1024x1024.png 1024w, https:\/\/myyryorktimes.fi\/wp-content\/uploads\/2025\/08\/myt_jakelupisteet-300x300.png 300w, https:\/\/myyryorktimes.fi\/wp-content\/uploads\/2025\/08\/myt_jakelupisteet-150x150.png 150w, https:\/\/myyryorktimes.fi\/wp-content\/uploads\/2025\/08\/myt_jakelupisteet-768x768.png 768w, https:\/\/myyryorktimes.fi\/wp-content\/uploads\/2025\/08\/myt_jakelupisteet-1536x1536.png 1536w, https:\/\/myyryorktimes.fi\/wp-content\/uploads\/2025\/08\/myt_jakelupisteet-2048x2048.png 2048w\" sizes=\"auto, (max-width: 1024px) 100vw, 1024px\" \/><\/figure><div class=\"wp-block-media-text__content\">\n<h2 class=\"wp-block-heading\">Nappaa lehti mukaan!<\/h2>\n\n\n\n<p>Myyr York Timesilla on yhteens\u00e4 kymmeni\u00e4 telineit\u00e4 ja jakelupisteit\u00e4 ymp\u00e4ri Myyrm\u00e4en suuraluetta. L\u00e4himm\u00e4n jakelupisteesi l\u00f6yd\u00e4t helpoiten tarkistamalla sijainnin kartasta.<\/p>\n\n\n\n<div class=\"wp-block-buttons is-layout-flex wp-block-buttons-is-layout-flex\">\n<div class=\"wp-block-button\"><a class=\"wp-block-button__link has-background wp-element-button\" href=\"https:\/\/www.google.com\/maps\/d\/edit?mid=1h8cUKg6847bCs1zlJYT1VBoA3g9CrmRg&amp;usp=sharing\" style=\"border-radius:99px;background-color:#ec008c\" target=\"_blank\" rel=\"noreferrer noopener\">Katso jakelupisteet Google Mapsissa<\/a><\/div>\n<\/div>\n\n\n\n<p><strong>Etk\u00f6 l\u00f6yd\u00e4 lehte\u00e4 l\u00e4helt\u00e4?<\/strong> Vinkkaa meille potentiaalinen paikka jakelupisteelle niin katsotaan mit\u00e4 voimme tehd\u00e4.<\/p>\n\n\n\n<div class=\"wp-block-buttons is-layout-flex wp-block-buttons-is-layout-flex\">\n<div class=\"wp-block-button\"><a class=\"wp-block-button__link wp-element-button\" href=\"mailto: toimitus@myyryorktimes.fi\" style=\"border-width:1px;border-radius:100px\">Vinkkaa jakelupiste<\/a><\/div>\n<\/div>\n<\/div><\/div>\n\n\n\n<div style=\"height:50px\" aria-hidden=\"true\" class=\"wp-block-spacer\"><\/div>\n\n\n\n<div class=\"wp-block-media-text alignwide has-media-on-the-right is-stacked-on-mobile is-vertically-aligned-top\"><div class=\"wp-block-media-text__content\">\n<h2 class=\"wp-block-heading\">Ilmoita Myyr York Timesissa!<\/h2>\n\n\n\n<p>Myyr York Times erottuu positiivisesti edukseen kaupunkilehtien kent\u00e4ss\u00e4 ja on erinomainen valinta  kaiken kokoisille toimijoille jotka haluavat tavoittaa laajasti Myyrm\u00e4en alueella asuvat ja asioivat.<\/p>\n\n\n\n<p>Ilmoitukset erottuvat aina selke\u00e4sti ja arvokkaasti toimituksellisesta sis\u00e4ll\u00f6st\u00e4.<\/p>\n\n\n\n<div class=\"wp-block-buttons is-layout-flex wp-block-buttons-is-layout-flex\">\n<div class=\"wp-block-button\"><a class=\"wp-block-button__link wp-element-button\" href=\"https:\/\/myyryorktimes.fi\/wp-content\/uploads\/2026\/01\/MEDIAKORTTI_2026.pdf\" style=\"border-radius:100px\" target=\"_blank\" rel=\"noreferrer noopener\">Lataa mediakortti<\/a><\/div>\n\n\n\n<div class=\"wp-block-button\"><a class=\"wp-block-button__link wp-element-button\" href=\"mailto:ilmoitusmyynti@myyryorktimes.fi\" style=\"border-radius:98px\">Pyyd\u00e4 tarjous!<\/a><\/div>\n<\/div>\n<\/div><figure class=\"wp-block-media-text__media\"><a href=\"https:\/\/myyryorktimes.fi\/wp-content\/uploads\/2026\/01\/MEDIAKORTTI_2026.pdf\"><img loading=\"lazy\" decoding=\"async\" width=\"974\" height=\"1024\" src=\"https:\/\/myyryorktimes.fi\/wp-content\/uploads\/2026\/01\/myt_mediakortti_2026-974x1024.png\" alt=\"\" class=\"wp-image-1191 size-full\" srcset=\"https:\/\/myyryorktimes.fi\/wp-content\/uploads\/2026\/01\/myt_mediakortti_2026-974x1024.png 974w, https:\/\/myyryorktimes.fi\/wp-content\/uploads\/2026\/01\/myt_mediakortti_2026-285x300.png 285w, https:\/\/myyryorktimes.fi\/wp-content\/uploads\/2026\/01\/myt_mediakortti_2026-768x808.png 768w, https:\/\/myyryorktimes.fi\/wp-content\/uploads\/2026\/01\/myt_mediakortti_2026-1460x1536.png 1460w, https:\/\/myyryorktimes.fi\/wp-content\/uploads\/2026\/01\/myt_mediakortti_2026.png 1814w\" sizes=\"auto, (max-width: 974px) 100vw, 974px\" \/><\/a><\/figure><\/div>\n\n\n\n<div style=\"height:50px\" aria-hidden=\"true\" class=\"wp-block-spacer\"><\/div>\n\n\n\n<div class=\"wp-block-group has-global-padding is-layout-constrained wp-block-group-is-layout-constrained\" style=\"margin-top:var(--wp--preset--spacing--20);margin-bottom:var(--wp--preset--spacing--20);padding-top:var(--wp--preset--spacing--20);padding-bottom:var(--wp--preset--spacing--20)\">\n<h2 class=\"wp-block-heading\">Mukaan tekem\u00e4\u00e4n MYTi\u00e4?<\/h2>\n\n\n\n<p>Paikallismedian tuottamisessa riitt\u00e4\u00e4 teht\u00e4v\u00e4\u00e4, joten etsimme jatkuvasti uusia tekij\u00f6it\u00e4 osaksi MYTin vapaaehtoisten porukkaa. <\/p>\n\n\n\n<p>Kaipaamme etenkin:<\/p>\n\n\n\n<ul class=\"wp-block-list\">\n<li><strong>Urheilutoimittajaa,<\/strong> joka seuraa silm\u00e4 kovana paikallisten seurojen toimintaa ja on kyl\u00e4hulluuden lis\u00e4ksi ehk\u00e4 my\u00f6s v\u00e4h\u00e4n urheiluhullu.<\/li>\n\n\n\n<li><strong>Kokenutta web-kehitt\u00e4j\u00e4\u00e4,<\/strong> jolle WordPressin muokkaus on lasten leikki\u00e4 ja joka on k\u00e4tev\u00e4 my\u00f6s konepellin alla.<\/li>\n\n\n\n<li><strong>Toimittajia, kuvaajia ja kuvittajia,<\/strong> joilla on osaamista ja oma \u00e4\u00e4ni, tyyli tai tatsi tekemiseen.  <\/li>\n<\/ul>\n\n\n\n<p>Kaikissa rooleissa t\u00e4ydellisyytt\u00e4 t\u00e4rke\u00e4mp\u00e4\u00e4 on avoin asenne, kyky tehd\u00e4 ja oppia yhdess\u00e4 muiden kanssa, sek\u00e4 antaa ja ottaa vastaan rakentavaa palautetta. <\/p>\n\n\n\n<p>Apuk\u00e4sille olisi tarvetta my\u00f6s lehden telinejakelussa ja &#8221;paikallisagenttien&#8221; havainnoista on aina hy\u00f6ty\u00e4.<\/p>\n\n\n\n<p>Jos MYTin tekeminen, kehitt\u00e4minen tai tukeminen jollain tavalla kiinnostaa, l\u00e4het\u00e4 meille s\u00e4hk\u00f6postia osoitteeseen <a href=\"mailto:toimitus@myyryorktimes.fi\">toimitus@myyryorktimes.fi<\/a> ja kerro miten haluaisit auttaa.<\/p>\n<\/div>\n","protected":false},"excerpt":{"rendered":"<p>Mukaan tekem\u00e4\u00e4n MYTi\u00e4? Paikallismedian tuottamisessa riitt\u00e4\u00e4 teht\u00e4v\u00e4\u00e4, joten etsimme jatkuvasti uusia tekij\u00f6it\u00e4 osaksi MYTin vapaaehtoisten porukkaa. Kaipaamme etenkin: Kaikissa rooleissa t\u00e4ydellisyytt\u00e4 t\u00e4rke\u00e4mp\u00e4\u00e4 on avoin asenne, kyky tehd\u00e4 ja oppia yhdess\u00e4 muiden kanssa, sek\u00e4 antaa ja ottaa vastaan rakentavaa palautetta. Apuk\u00e4sille olisi tarvetta my\u00f6s lehden telinejakelussa ja &#8221;paikallisagenttien&#8221; havainnoista on aina hy\u00f6ty\u00e4. Jos MYTin tekeminen, kehitt\u00e4minen [&hellip;]<\/p>\n","protected":false},"author":1,"featured_media":0,"parent":0,"menu_order":0,"comment_status":"closed","ping_status":"open","template":"","meta":{"inline_featured_image":false,"footnotes":""},"class_list":["post-2","page","type-page","status-publish","hentry"],"_links":{"self":[{"href":"https:\/\/myyryorktimes.fi\/index.php\/wp-json\/wp\/v2\/pages\/2","targetHints":{"allow":["GET"]}}],"collection":[{"href":"https:\/\/myyryorktimes.fi\/index.php\/wp-json\/wp\/v2\/pages"}],"about":[{"href":"https:\/\/myyryorktimes.fi\/index.php\/wp-json\/wp\/v2\/types\/page"}],"author":[{"embeddable":true,"href":"https:\/\/myyryorktimes.fi\/index.php\/wp-json\/wp\/v2\/users\/1"}],"replies":[{"embeddable":true,"href":"https:\/\/myyryorktimes.fi\/index.php\/wp-json\/wp\/v2\/comments?post=2"}],"version-history":[{"count":82,"href":"https:\/\/myyryorktimes.fi\/index.php\/wp-json\/wp\/v2\/pages\/2\/revisions"}],"predecessor-version":[{"id":1208,"href":"https:\/\/myyryorktimes.fi\/index.php\/wp-json\/wp\/v2\/pages\/2\/revisions\/1208"}],"wp:attachment":[{"href":"https:\/\/myyryorktimes.fi\/index.php\/wp-json\/wp\/v2\/media?parent=2"}],"curies":[{"name":"wp","href":"https:\/\/api.w.org\/{rel}","templated":true}]}}